{"id":2,"date":"2024-04-09T20:12:30","date_gmt":"2024-04-09T20:12:30","guid":{"rendered":"https:\/\/heartkathon.sencia.es\/?page_id=2"},"modified":"2024-04-15T17:07:48","modified_gmt":"2024-04-15T17:07:48","slug":"sample-page","status":"publish","type":"page","link":"https:\/\/heartkathon.sencia.es\/?page_id=2","title":{"rendered":"\u00a1Creemos en Nuestra Misi\u00f3n!"},"content":{"rendered":"\n<p>En el coraz\u00f3n de nuestro proyecto m\u00e9dico yace una llama ardiente de motivaci\u00f3n. Somos un grupo de estudiantes apasionados que cree firmemente en el poder de la innovaci\u00f3n y la colaboraci\u00f3n para transformar el panorama de la atenci\u00f3n m\u00e9dica.<\/p>\n\n\n\n<p> <\/p>\n\n\n\n<blockquote class=\"wp-block-quote is-layout-flow wp-block-quote-is-layout-flow\">\n<p class=\"has-x-large-font-size\">Innovaci\u00f3n<\/p>\n\n\n\n<p>Nos inspira la b\u00fasqueda constante de soluciones innovadoras que aborden desaf\u00edos m\u00e9dicos reales. Creemos en pensar m\u00e1s all\u00e1 de los l\u00edmites convencionales y desafiar el status quo para ofrecer un impacto significativo en la vida de las personas<\/p>\n<\/blockquote>\n\n\n\n<p> <\/p>\n\n\n\n<blockquote class=\"wp-block-quote is-layout-flow wp-block-quote-is-layout-flow\">\n<p class=\"has-x-large-font-size\">Colaboraci\u00f3n <\/p>\n\n\n\n<p>Creemos en la fuerza de la diversidad y la colaboraci\u00f3n interdisciplinaria. Trabajamos codo a codo con profesionales de diversas \u00e1reas para fomentar una cultura de aprendizaje continuo y desarrollo conjunto.<\/p>\n<\/blockquote>\n\n\n\n<p> <\/p>\n","protected":false},"excerpt":{"rendered":"<p>En el coraz\u00f3n de nuestro proyecto m\u00e9dico yace una llama ardiente de motivaci\u00f3n. Somos un grupo de estudiantes apasionados que cree firmemente en el poder de la innovaci\u00f3n y la colaboraci\u00f3n para transformar el panorama de la atenci\u00f3n m\u00e9dica. Innovaci\u00f3n Nos inspira la b\u00fasqueda constante de soluciones innovadoras que aborden desaf\u00edos m\u00e9dicos reales. Creemos en [&hellip;]<\/p>\n","protected":false},"author":1,"featured_media":0,"parent":0,"menu_order":0,"comment_status":"closed","ping_status":"open","template":"","meta":{"footnotes":""},"class_list":["post-2","page","type-page","status-publish","hentry"],"_links":{"self":[{"href":"https:\/\/heartkathon.sencia.es\/index.php?rest_route=\/wp\/v2\/pages\/2","targetHints":{"allow":["GET"]}}],"collection":[{"href":"https:\/\/heartkathon.sencia.es\/index.php?rest_route=\/wp\/v2\/pages"}],"about":[{"href":"https:\/\/heartkathon.sencia.es\/index.php?rest_route=\/wp\/v2\/types\/page"}],"author":[{"embeddable":true,"href":"https:\/\/heartkathon.sencia.es\/index.php?rest_route=\/wp\/v2\/users\/1"}],"replies":[{"embeddable":true,"href":"https:\/\/heartkathon.sencia.es\/index.php?rest_route=%2Fwp%2Fv2%2Fcomments&post=2"}],"version-history":[{"count":3,"href":"https:\/\/heartkathon.sencia.es\/index.php?rest_route=\/wp\/v2\/pages\/2\/revisions"}],"predecessor-version":[{"id":26,"href":"https:\/\/heartkathon.sencia.es\/index.php?rest_route=\/wp\/v2\/pages\/2\/revisions\/26"}],"wp:attachment":[{"href":"https:\/\/heartkathon.sencia.es\/index.php?rest_route=%2Fwp%2Fv2%2Fmedia&parent=2"}],"curies":[{"name":"wp","href":"https:\/\/api.w.org\/{rel}","templated":true}]}}